{"id":4685,"date":"2021-11-25T17:06:37","date_gmt":"2021-11-25T17:06:37","guid":{"rendered":"https:\/\/100biere.de\/?page_id=4685"},"modified":"2022-03-17T18:14:30","modified_gmt":"2022-03-17T18:14:30","slug":"datenschutzbestimmungen","status":"publish","type":"page","link":"https:\/\/100biere.de\/en\/datenschutzbestimmungen\/","title":{"rendered":"Privacy Policy"},"content":{"rendered":"<div data-elementor-type=\"wp-page\" data-elementor-id=\"4685\" class=\"elementor elementor-4685\" data-elementor-post-type=\"page\">\n\t\t\t\t\t\t<section class=\"elementor-section elementor-top-section elementor-element elementor-element-19c2ea8e elementor-section-boxed elementor-section-height-default elementor-section-height-default eltdf-parallax-row-no eltdf-content-aligment-left eltdf-elementor-row-grid-no eltdf-disabled-bg-image-bellow-no\" data-id=\"19c2ea8e\" data-element_type=\"section\" data-e-type=\"section\">\n\t\t\t\t\t\t<div class=\"elementor-container elementor-column-gap-default\">\n\t\t\t\t\t<div class=\"elementor-column elementor-col-100 elementor-top-column elementor-element elementor-element-831d673\" data-id=\"831d673\" data-element_type=\"column\" data-e-type=\"column\">\n\t\t\t<div class=\"elementor-widget-wrap elementor-element-populated\">\n\t\t\t\t\t\t<div class=\"elementor-element elementor-element-6efc09a9 elementor-widget elementor-widget-text-editor\" data-id=\"6efc09a9\" data-element_type=\"widget\" data-e-type=\"widget\" data-widget_type=\"text-editor.default\">\n\t\t\t\t<div class=\"elementor-widget-container\">\n\t\t\t\t\t\t\t\t\t\n<p>At 100 Biere, available at https:\/\/100biere.de\/, one of our top priorities is protecting the privacy of our visitors. This privacy policy document sets out the types of information that 100 Biere collects and holds, and how we use it.<br \/>If you have further questions or need more information about our privacy policy, please do not hesitate to contact us.<br \/>This privacy policy applies only to our online activities and to visitors to our website with respect to the information they share and\/or collect in 100 Biere. This policy does not apply to information collected offline or through channels other than this website.<br \/><br \/><\/p>\n<h4>Consent<\/h4>\n<p><br \/>By using our website, you agree to our Privacy Policy and agree to its terms. <br \/><br \/><\/p>\n<h4>Information we collect<\/h4>\n<p><br \/>The personal information that you are asked to provide and the reasons why you are asked to provide it will be disclosed to you at the point at which we ask you to provide your personal information.<br \/>If you contact us directly, we may obtain additional information about you, such as your name, email address, telephone number, the content of the message and\/or attachments you send to us, and any other information you choose to provide to us.<br \/>When you register for an account, we may ask you for your contact information, such as name, company name, address, email address, and phone number.<br \/><br \/><\/p>\n<h4>How we use your information<\/h4>\n<p><br \/>We use the information we collect in a variety of ways, including to<\/p>\n\n<ul class=\"wp-block-list\">\n<li>Provision, operation and maintenance of our website<\/li>\n<li>to improve, personalize and expand our website<\/li>\n<li>understand and analyze how you use our website<\/li>\n<li>Development of new products, services, features and functions<\/li>\n<li>communicate with you, either directly or through one of our partners, for example, for customer service, to provide you with updates and other information related to the Site, and for marketing and promotional purposes<\/li>\n<li>Send you emails<\/li>\n<li>to detect and prevent fraud<\/li>\n<\/ul>\n\n<p>\u00a0<\/p>\n\n<h4>Log files<\/h4>\n\n<p>The 100 Biere uses log files by default. These files log visitors' visits to websites. All hosting companies do this and it is part of the analysis of the hosting services. Information collected in log files includes Internet Protocol (IP) addresses, browser type, Internet Service Provider (ISP), date and time stamp, referring and exit pages, and possibly the number of clicks. This data is not linked to personally identifiable information. The purpose of this data is to analyze trends, administer the site, track users' movements around the site and gather demographic information.<\/p>\n\n<p>\u00a0<\/p>\n\n<h4>Cookies and Web Beacons<\/h4>\n<p><br \/>Wie jede andere Website auch, verwendet 100 Biere &#8220;Cookies&#8221;. Diese Cookies werden verwendet, um Informationen zu speichern, einschlie\u00dflich der Pr\u00e4ferenzen der Besucher und der Seiten auf der Website, die der Besucher aufgerufen oder besucht hat. Diese Informationen werden verwendet, um die Erfahrung des Benutzers zu optimieren, indem der Inhalt unserer Website auf der Grundlage des Browsertyps des Besuchers und\/oder anderer Informationen angepasst wird.<br \/>F\u00fcr weitere allgemeine Informationen \u00fcber Cookies lesen Sie bitte &#8220;Was sind Cookies&#8221;. &#8220;Was sind Cookies&#8221;.<\/p>\n\n<h4>Privacy policy of the advertising partners<\/h4>\n<p><br \/>You can consult this list to find the privacy policy for each advertising partner of 100 Biere.<br \/>Third-party ad servers or ad networks use technologies such as cookies, JavaScript, or web beacons that are used in their respective ads and links that appear on 100 Biere and are sent directly to the user's browser. They automatically receive your IP address when this happens. These technologies are used to measure the effectiveness of their advertising campaigns and\/or to personalize the advertising content you see on the websites you visit.<br \/>Note that 100 Biere does not have access to or control over these cookies, which are used by third parties.<\/p>\n\n<h4>Third-party privacy policies<\/h4>\n<p><br \/>100 Biere's privacy policy does not apply to other advertisers or websites. We therefore advise you to consult the respective privacy policies of these third-party advertising servers for more detailed information. They may contain their practices and instructions on how to turn off certain options.<br \/>You can disable cookies through your individual browser options. More detailed information about cookie management with specific web browsers can be found on the respective browser websites.<\/p>\n\n<p>\u00a0<\/p>\n<h4>CCPA Privacy Rights (Do not sell my personal information)<\/h4>\n<p><br \/>Under the CCPA, California consumers have, among other rights, the right to:<\/p>\n\n<p>Require that a business that collects a consumer's personal information disclose the categories and specific portions of the personal information that the business has collected about the consumer.<br \/>To require a business to delete all personal information that the business has collected about the consumer.<br \/>Require that a business that sells a consumer's personal information not sell the consumer's personal information.<br \/>If you make a request, we have one month to respond to you. If you wish to exercise any of these rights, please contact us.<\/p>\n\n<h4>GDPR data protection rights<\/h4>\n<p><br \/>We want to make sure that you are aware of all your privacy rights. Every user has the right to the following:<br \/>The Right of Access - You have the right to request copies of your personal information. We may charge a small fee for this service.<br \/>The right to rectification - You have the right to request that we correct information that you believe is inaccurate. You also have the right to request that we complete information that you believe is incomplete.<br \/>The right to erasure - You have the right to request the erasure of your personal data under certain conditions.<br \/>Right to restrict processing - You have the right to request that we restrict the processing of your personal data under certain conditions.<br \/>Right to object to processing - You have the right to object to the processing of your personal data by us under certain conditions.<br \/>The right to data portability - You have the right, under certain conditions, to request that we share the information we collect with another organization or directly with you.<br \/>If you make a request, we have one month to respond to you. If you wish to exercise any of these rights, please contact us.<\/p>\n\n<h4>Information for children<\/h4>\n<p><br \/>Another part of our priority is protecting children when they use the Internet. We encourage parents and guardians to monitor, participate in, and\/or supervise and guide their online activities.<br \/>100 Biere does not knowingly collect personal information from children under the age of 13. If you believe that your child has provided this type of information on our website, we urge you to contact us immediately and we will do our best to promptly remove such information from our records.<\/p>\n\n<p>\u00a0<\/p>\n\n<p>\u00a0<\/p>\n\t\t\t\t\t\t\t\t<\/div>\n\t\t\t\t<\/div>\n\t\t\t\t\t<\/div>\n\t\t<\/div>\n\t\t\t\t\t<\/div>\n\t\t<\/section>\n\t\t\t\t<\/div>","protected":false},"excerpt":{"rendered":"<p>Bei 100 Biere, erreichbar unter https:\/\/100biere.de\/, ist eine unserer wichtigsten Priorit\u00e4ten der Schutz der Privatsph\u00e4re unserer Besucher. Dieses Dokument \u00fcber den Datenschutz enth\u00e4lt die Arten von Informationen, die von 100 Biere gesammelt und gespeichert werden und wie wir sie verwenden.Wenn Sie weitere Fragen haben oder mehr Informationen \u00fcber unsere Datenschutzpolitik ben\u00f6tigen, z\u00f6gern Sie nicht, uns zu kontaktieren.Diese Datenschutzrichtlinie gilt nur [&hellip;]<\/p>\n","protected":false},"author":1,"featured_media":0,"parent":0,"menu_order":0,"comment_status":"closed","ping_status":"closed","template":"","meta":{"nf_dc_page":"","footnotes":""},"class_list":["post-4685","page","type-page","status-publish","hentry"],"yoast_head":"<!-- This site is optimized with the Yoast SEO Premium plugin v18.3 (Yoast SEO v27.4) - https:\/\/yoast.com\/product\/yoast-seo-premium-wordpress\/ -->\n<title>Datenschutzbestimmungen - Das Haus der 100 Biere am Ku\u00b4Damm<\/title>\n<meta name=\"robots\" content=\"index, follow, max-snippet:-1, max-image-preview:large, max-video-preview:-1\" \/>\n<link rel=\"canonical\" href=\"https:\/\/100biere.de\/en\/datenschutzbestimmungen\/\" \/>\n<meta property=\"og:locale\" content=\"en_US\" \/>\n<meta property=\"og:type\" content=\"article\" \/>\n<meta property=\"og:title\" content=\"Datenschutzbestimmungen\" \/>\n<meta property=\"og:description\" content=\"Bei 100 Biere, erreichbar unter https:\/\/100biere.de\/, ist eine unserer wichtigsten Priorit\u00e4ten der Schutz der Privatsph\u00e4re unserer Besucher. Dieses Dokument \u00fcber den Datenschutz enth\u00e4lt die Arten von Informationen, die von 100 Biere gesammelt und gespeichert werden und wie wir sie verwenden.Wenn Sie weitere Fragen haben oder mehr Informationen \u00fcber unsere Datenschutzpolitik ben\u00f6tigen, z\u00f6gern Sie nicht, uns zu kontaktieren.Diese Datenschutzrichtlinie gilt nur [&hellip;]\" \/>\n<meta property=\"og:url\" content=\"https:\/\/100biere.de\/en\/datenschutzbestimmungen\/\" \/>\n<meta property=\"og:site_name\" content=\"Das Haus der 100 Biere am Ku\u00b4Damm\" \/>\n<meta property=\"article:publisher\" content=\"https:\/\/www.facebook.com\/100Biere\/\" \/>\n<meta property=\"article:modified_time\" content=\"2022-03-17T18:14:30+00:00\" \/>\n<meta property=\"og:image\" content=\"https:\/\/100biere.de\/wp-content\/uploads\/2021\/12\/Das_haus_der_100biere_berlin_retaurant_germany_logo.png\" \/>\n\t<meta property=\"og:image:width\" content=\"744\" \/>\n\t<meta property=\"og:image:height\" content=\"564\" \/>\n\t<meta property=\"og:image:type\" content=\"image\/png\" \/>\n<meta name=\"twitter:card\" content=\"summary_large_image\" \/>\n<meta name=\"twitter:label1\" content=\"Est. reading time\" \/>\n\t<meta name=\"twitter:data1\" content=\"6 minutes\" \/>\n<script type=\"application\/ld+json\" class=\"yoast-schema-graph\">{\"@context\":\"https:\\\/\\\/schema.org\",\"@graph\":[{\"@type\":\"WebPage\",\"@id\":\"https:\\\/\\\/100biere.de\\\/datenschutzbestimmungen\\\/\",\"url\":\"https:\\\/\\\/100biere.de\\\/datenschutzbestimmungen\\\/\",\"name\":\"Datenschutzbestimmungen - Das Haus der 100 Biere am Ku\u00b4Damm\",\"isPartOf\":{\"@id\":\"https:\\\/\\\/100biere.de\\\/#website\"},\"datePublished\":\"2021-11-25T17:06:37+00:00\",\"dateModified\":\"2022-03-17T18:14:30+00:00\",\"breadcrumb\":{\"@id\":\"https:\\\/\\\/100biere.de\\\/datenschutzbestimmungen\\\/#breadcrumb\"},\"inLanguage\":\"en-US\",\"potentialAction\":[{\"@type\":\"ReadAction\",\"target\":[\"https:\\\/\\\/100biere.de\\\/datenschutzbestimmungen\\\/\"]}]},{\"@type\":\"BreadcrumbList\",\"@id\":\"https:\\\/\\\/100biere.de\\\/datenschutzbestimmungen\\\/#breadcrumb\",\"itemListElement\":[{\"@type\":\"ListItem\",\"position\":1,\"name\":\"Home\",\"item\":\"https:\\\/\\\/100biere.de\\\/\"},{\"@type\":\"ListItem\",\"position\":2,\"name\":\"Datenschutzbestimmungen\"}]},{\"@type\":\"WebSite\",\"@id\":\"https:\\\/\\\/100biere.de\\\/#website\",\"url\":\"https:\\\/\\\/100biere.de\\\/\",\"name\":\"Das Haus der 100 Biere am Ku\u00b4Damm\",\"description\":\"deutsche K\u00fcche\",\"publisher\":{\"@id\":\"https:\\\/\\\/100biere.de\\\/#organization\"},\"potentialAction\":[{\"@type\":\"SearchAction\",\"target\":{\"@type\":\"EntryPoint\",\"urlTemplate\":\"https:\\\/\\\/100biere.de\\\/?s={search_term_string}\"},\"query-input\":{\"@type\":\"PropertyValueSpecification\",\"valueRequired\":true,\"valueName\":\"search_term_string\"}}],\"inLanguage\":\"en-US\"},{\"@type\":\"Organization\",\"@id\":\"https:\\\/\\\/100biere.de\\\/#organization\",\"name\":\"Das Haus der 100 Biere am Ku\u00b4Damm\",\"url\":\"https:\\\/\\\/100biere.de\\\/\",\"logo\":{\"@type\":\"ImageObject\",\"inLanguage\":\"en-US\",\"@id\":\"https:\\\/\\\/100biere.de\\\/#\\\/schema\\\/logo\\\/image\\\/\",\"url\":\"https:\\\/\\\/100biere.de\\\/wp-content\\\/uploads\\\/2021\\\/12\\\/Das_haus_der_100biere_berlin_retaurant_germany_logo.png\",\"contentUrl\":\"https:\\\/\\\/100biere.de\\\/wp-content\\\/uploads\\\/2021\\\/12\\\/Das_haus_der_100biere_berlin_retaurant_germany_logo.png\",\"width\":744,\"height\":564,\"caption\":\"Das Haus der 100 Biere am Ku\u00b4Damm\"},\"image\":{\"@id\":\"https:\\\/\\\/100biere.de\\\/#\\\/schema\\\/logo\\\/image\\\/\"},\"sameAs\":[\"https:\\\/\\\/www.facebook.com\\\/100Biere\\\/\",\"https:\\\/\\\/www.instagram.com\\\/100Biere\\\/\"]}]}<\/script>\n<!-- \/ Yoast SEO Premium plugin. -->","yoast_head_json":{"title":"Datenschutzbestimmungen - Das Haus der 100 Biere am Ku\u00b4Damm","robots":{"index":"index","follow":"follow","max-snippet":"max-snippet:-1","max-image-preview":"max-image-preview:large","max-video-preview":"max-video-preview:-1"},"canonical":"https:\/\/100biere.de\/en\/datenschutzbestimmungen\/","og_locale":"en_US","og_type":"article","og_title":"Datenschutzbestimmungen","og_description":"Bei 100 Biere, erreichbar unter https:\/\/100biere.de\/, ist eine unserer wichtigsten Priorit\u00e4ten der Schutz der Privatsph\u00e4re unserer Besucher. Dieses Dokument \u00fcber den Datenschutz enth\u00e4lt die Arten von Informationen, die von 100 Biere gesammelt und gespeichert werden und wie wir sie verwenden.Wenn Sie weitere Fragen haben oder mehr Informationen \u00fcber unsere Datenschutzpolitik ben\u00f6tigen, z\u00f6gern Sie nicht, uns zu kontaktieren.Diese Datenschutzrichtlinie gilt nur [&hellip;]","og_url":"https:\/\/100biere.de\/en\/datenschutzbestimmungen\/","og_site_name":"Das Haus der 100 Biere am Ku\u00b4Damm","article_publisher":"https:\/\/www.facebook.com\/100Biere\/","article_modified_time":"2022-03-17T18:14:30+00:00","og_image":[{"width":744,"height":564,"url":"https:\/\/100biere.de\/wp-content\/uploads\/2021\/12\/Das_haus_der_100biere_berlin_retaurant_germany_logo.png","type":"image\/png"}],"twitter_card":"summary_large_image","twitter_misc":{"Est. reading time":"6 minutes"},"schema":{"@context":"https:\/\/schema.org","@graph":[{"@type":"WebPage","@id":"https:\/\/100biere.de\/datenschutzbestimmungen\/","url":"https:\/\/100biere.de\/datenschutzbestimmungen\/","name":"Datenschutzbestimmungen - Das Haus der 100 Biere am Ku\u00b4Damm","isPartOf":{"@id":"https:\/\/100biere.de\/#website"},"datePublished":"2021-11-25T17:06:37+00:00","dateModified":"2022-03-17T18:14:30+00:00","breadcrumb":{"@id":"https:\/\/100biere.de\/datenschutzbestimmungen\/#breadcrumb"},"inLanguage":"en-US","potentialAction":[{"@type":"ReadAction","target":["https:\/\/100biere.de\/datenschutzbestimmungen\/"]}]},{"@type":"BreadcrumbList","@id":"https:\/\/100biere.de\/datenschutzbestimmungen\/#breadcrumb","itemListElement":[{"@type":"ListItem","position":1,"name":"Home","item":"https:\/\/100biere.de\/"},{"@type":"ListItem","position":2,"name":"Datenschutzbestimmungen"}]},{"@type":"WebSite","@id":"https:\/\/100biere.de\/#website","url":"https:\/\/100biere.de\/","name":"Das Haus der 100 Biere am Ku\u00b4Damm","description":"deutsche K\u00fcche","publisher":{"@id":"https:\/\/100biere.de\/#organization"},"potentialAction":[{"@type":"SearchAction","target":{"@type":"EntryPoint","urlTemplate":"https:\/\/100biere.de\/?s={search_term_string}"},"query-input":{"@type":"PropertyValueSpecification","valueRequired":true,"valueName":"search_term_string"}}],"inLanguage":"en-US"},{"@type":"Organization","@id":"https:\/\/100biere.de\/#organization","name":"Das Haus der 100 Biere am Ku\u00b4Damm","url":"https:\/\/100biere.de\/","logo":{"@type":"ImageObject","inLanguage":"en-US","@id":"https:\/\/100biere.de\/#\/schema\/logo\/image\/","url":"https:\/\/100biere.de\/wp-content\/uploads\/2021\/12\/Das_haus_der_100biere_berlin_retaurant_germany_logo.png","contentUrl":"https:\/\/100biere.de\/wp-content\/uploads\/2021\/12\/Das_haus_der_100biere_berlin_retaurant_germany_logo.png","width":744,"height":564,"caption":"Das Haus der 100 Biere am Ku\u00b4Damm"},"image":{"@id":"https:\/\/100biere.de\/#\/schema\/logo\/image\/"},"sameAs":["https:\/\/www.facebook.com\/100Biere\/","https:\/\/www.instagram.com\/100Biere\/"]}]}},"_links":{"self":[{"href":"https:\/\/100biere.de\/en\/wp-json\/wp\/v2\/pages\/4685","targetHints":{"allow":["GET"]}}],"collection":[{"href":"https:\/\/100biere.de\/en\/wp-json\/wp\/v2\/pages"}],"about":[{"href":"https:\/\/100biere.de\/en\/wp-json\/wp\/v2\/types\/page"}],"author":[{"embeddable":true,"href":"https:\/\/100biere.de\/en\/wp-json\/wp\/v2\/users\/1"}],"replies":[{"embeddable":true,"href":"https:\/\/100biere.de\/en\/wp-json\/wp\/v2\/comments?post=4685"}],"version-history":[{"count":17,"href":"https:\/\/100biere.de\/en\/wp-json\/wp\/v2\/pages\/4685\/revisions"}],"predecessor-version":[{"id":5529,"href":"https:\/\/100biere.de\/en\/wp-json\/wp\/v2\/pages\/4685\/revisions\/5529"}],"wp:attachment":[{"href":"https:\/\/100biere.de\/en\/wp-json\/wp\/v2\/media?parent=4685"}],"curies":[{"name":"wp","href":"https:\/\/api.w.org\/{rel}","templated":true}]}}